{"id":14569,"date":"2021-11-03T20:39:51","date_gmt":"2021-11-03T20:39:51","guid":{"rendered":"https:\/\/spalace.es\/?page_id=14569"},"modified":"2024-09-01T15:30:52","modified_gmt":"2024-09-01T15:30:52","slug":"politica-de-cookies","status":"publish","type":"page","link":"https:\/\/spalace.es\/?page_id=14569","title":{"rendered":"Pol\u00edtica de Cookies"},"content":{"rendered":"\t\t<div data-elementor-type=\"wp-page\" data-elementor-id=\"14569\" class=\"elementor elementor-14569\" data-elementor-post-type=\"page\">\n\t\t\t\t<div class=\"elementor-element elementor-element-31d33cc e-con-full e-flex e-con e-parent\" data-id=\"31d33cc\" data-element_type=\"container\" data-e-type=\"container\">\n\t\t\t\t<div class=\"elementor-element elementor-element-fc54fd5 elementor-widget elementor-widget-heading\" data-id=\"fc54fd5\" data-element_type=\"widget\" data-e-type=\"widget\" data-widget_type=\"heading.default\">\n\t\t\t\t<div class=\"elementor-widget-container\">\n\t\t\t\t\t<h2 class=\"elementor-heading-title elementor-size-default\">Pol\u00edtica de Cookies\n<\/h2>\t\t\t\t<\/div>\n\t\t\t\t<\/div>\n\t\t\t\t<\/div>\n\t\t<div class=\"elementor-element elementor-element-b0cfc79 e-con-full e-flex e-con e-parent\" data-id=\"b0cfc79\" data-element_type=\"container\" data-e-type=\"container\">\n\t\t<div class=\"elementor-element elementor-element-93f9754 e-con-full e-flex e-con e-child\" data-id=\"93f9754\" data-element_type=\"container\" data-e-type=\"container\">\n\t\t<div class=\"elementor-element elementor-element-5043178 e-con-full e-flex e-con e-child\" data-id=\"5043178\" data-element_type=\"container\" data-e-type=\"container\">\n\t\t\t\t<div class=\"elementor-element elementor-element-1014b64 elementor-widget elementor-widget-heading\" data-id=\"1014b64\" data-element_type=\"widget\" data-e-type=\"widget\" data-widget_type=\"heading.default\">\n\t\t\t\t<div class=\"elementor-widget-container\">\n\t\t\t\t\t<h2 class=\"elementor-heading-title elementor-size-default\">Acerca de esta pol\u00edtica de cookies<\/h2>\t\t\t\t<\/div>\n\t\t\t\t<\/div>\n\t\t\t\t<div class=\"elementor-element elementor-element-cf84311 elementor-widget__width-initial elementor-widget elementor-widget-text-editor\" data-id=\"cf84311\" data-element_type=\"widget\" data-e-type=\"widget\" data-widget_type=\"text-editor.default\">\n\t\t\t\t<div class=\"elementor-widget-container\">\n\t\t\t\t\t\t\t\t\tEsta Pol\u00edtica de cookies explica qu\u00e9 son las cookies y c\u00f3mo las usamos, los tipos de cookies que usamos, es decir, la informaci\u00f3n que recopilamos usando cookies y c\u00f3mo se usa esa informaci\u00f3n, y c\u00f3mo controlar las preferencias de cookies. Para obtener m\u00e1s informaci\u00f3n sobre c\u00f3mo usamos, almacenamos y mantenemos seguros sus datos personales, consulte nuestra Pol\u00edtica de privacidad.\nEn cualquier momento puede cambiar o retirar su consentimiento de la Declaraci\u00f3n de cookies en nuestro sitio web.\nObtenga m\u00e1s informaci\u00f3n sobre qui\u00e9nes somos, c\u00f3mo puede comunicarse con nosotros y c\u00f3mo procesamos los datos personales en nuestra Pol\u00edtica de privacidad.\nSu consentimiento se aplica a los siguientes dominios: spalace.es\t\t\t\t\t\t\t\t<\/div>\n\t\t\t\t<\/div>\n\t\t\t\t<\/div>\n\t\t<div class=\"elementor-element elementor-element-8c9a60a e-con-full e-flex e-con e-child\" data-id=\"8c9a60a\" data-element_type=\"container\" data-e-type=\"container\">\n\t\t\t\t<div class=\"elementor-element elementor-element-8955019 elementor-widget elementor-widget-heading\" data-id=\"8955019\" data-element_type=\"widget\" data-e-type=\"widget\" data-widget_type=\"heading.default\">\n\t\t\t\t<div class=\"elementor-widget-container\">\n\t\t\t\t\t<h2 class=\"elementor-heading-title elementor-size-default\">\u00bfQu\u00e9 son las cookies?<\/h2>\t\t\t\t<\/div>\n\t\t\t\t<\/div>\n\t\t\t\t<div class=\"elementor-element elementor-element-ce10c79 elementor-widget__width-initial elementor-widget elementor-widget-text-editor\" data-id=\"ce10c79\" data-element_type=\"widget\" data-e-type=\"widget\" data-widget_type=\"text-editor.default\">\n\t\t\t\t<div class=\"elementor-widget-container\">\n\t\t\t\t\t\t\t\t\tLas cookies son peque\u00f1os archivos de texto que se utilizan para almacenar peque\u00f1os fragmentos de informaci\u00f3n. Se almacenan en su dispositivo cuando el sitio web se carga en su navegador. Estas cookies nos ayudan a hacer que el sitio web funcione correctamente, hacerlo m\u00e1s seguro, brindar una mejor experiencia al usuario y comprender c\u00f3mo funciona el sitio web y analizar qu\u00e9 funciona y d\u00f3nde necesita mejorar.\t\t\t\t\t\t\t\t<\/div>\n\t\t\t\t<\/div>\n\t\t\t\t<\/div>\n\t\t<div class=\"elementor-element elementor-element-4c0acc1 e-con-full e-flex e-con e-child\" data-id=\"4c0acc1\" data-element_type=\"container\" data-e-type=\"container\">\n\t\t\t\t<div class=\"elementor-element elementor-element-1e20b93 elementor-widget elementor-widget-heading\" data-id=\"1e20b93\" data-element_type=\"widget\" data-e-type=\"widget\" data-widget_type=\"heading.default\">\n\t\t\t\t<div class=\"elementor-widget-container\">\n\t\t\t\t\t<h2 class=\"elementor-heading-title elementor-size-default\">\u00bfC\u00f3mo usamos las cookies?<\/h2>\t\t\t\t<\/div>\n\t\t\t\t<\/div>\n\t\t\t\t<div class=\"elementor-element elementor-element-47e25e2 elementor-widget__width-initial elementor-widget elementor-widget-text-editor\" data-id=\"47e25e2\" data-element_type=\"widget\" data-e-type=\"widget\" data-widget_type=\"text-editor.default\">\n\t\t\t\t<div class=\"elementor-widget-container\">\n\t\t\t\t\t\t\t\t\tComo la mayor\u00eda de los servicios en l\u00ednea, nuestro sitio web utiliza cookies propias y de terceros para varios prop\u00f3sitos. Las cookies de origen son principalmente necesarias para que el sitio web funcione correctamente y no recopilan ninguno de sus datos de identificaci\u00f3n personal.\nLas cookies de terceros utilizadas en nuestro sitio web son principalmente para comprender c\u00f3mo funciona el sitio web, c\u00f3mo interact\u00faa con nuestro sitio web, mantener nuestros servicios seguros, proporcionar anuncios que sean relevantes para usted y, en general, brindarle un usuario mejor y mejorado. experiencia y ayude a acelerar sus interacciones futuras con nuestro sitio web.\t\t\t\t\t\t\t\t<\/div>\n\t\t\t\t<\/div>\n\t\t\t\t<\/div>\n\t\t<div class=\"elementor-element elementor-element-fd80494 e-con-full e-flex e-con e-child\" data-id=\"fd80494\" data-element_type=\"container\" data-e-type=\"container\">\n\t\t\t\t<div class=\"elementor-element elementor-element-ec5698a elementor-widget elementor-widget-heading\" data-id=\"ec5698a\" data-element_type=\"widget\" data-e-type=\"widget\" data-widget_type=\"heading.default\">\n\t\t\t\t<div class=\"elementor-widget-container\">\n\t\t\t\t\t<h2 class=\"elementor-heading-title elementor-size-default\">\u00bfQu\u00e9 tipos de cookies utilizamos?<\/h2>\t\t\t\t<\/div>\n\t\t\t\t<\/div>\n\t\t\t\t<div class=\"elementor-element elementor-element-a68b176 elementor-widget__width-initial elementor-widget elementor-widget-text-editor\" data-id=\"a68b176\" data-element_type=\"widget\" data-e-type=\"widget\" data-widget_type=\"text-editor.default\">\n\t\t\t\t<div class=\"elementor-widget-container\">\n\t\t\t\t\t\t\t\t\t<p><\/p><ul><li data-ninja-font=\"roboto_light_normal\"><strong>Esencial:<\/strong> algunas cookies son esenciales para que pueda experimentar la funcionalidad completa de nuestro sitio. Nos permiten mantener las sesiones de los usuarios y prevenir cualquier amenaza a la seguridad. No recopilan ni almacenan ninguna informaci\u00f3n personal. Por ejemplo, estas cookies le permiten iniciar sesi\u00f3n en su cuenta y agregar productos a su carrito y realizar el pago de forma segura.<\/li><li data-ninja-font=\"roboto_light_normal\"><strong>Statistics:<\/strong> estas cookies almacenan informaci\u00f3n como el n\u00famero de visitantes al sitio web, el n\u00famero de visitantes \u00fanicos, qu\u00e9 p\u00e1ginas del sitio web se han visitado, la fuente de la visita, etc. Estos datos nos ayudan a comprender y analizar el rendimiento del sitio web. y donde necesita mejorar.<\/li><li><strong>Marketing:<\/strong> Nuestro sitio web muestra anuncios. Estas cookies se utilizan para personalizar los anuncios que le mostramos para que sean significativos para usted. Estas cookies tambi\u00e9n nos ayudan a realizar un seguimiento de la eficiencia de estas campa\u00f1as publicitarias.<br \/>Los proveedores de publicidad de terceros tambi\u00e9n pueden utilizar la informaci\u00f3n almacenada en estas cookies para mostrarle anuncios en otros sitios web en el navegador.<\/li><li><strong>Functional:<\/strong> Estas son las cookies que ayudan a ciertas funcionalidades no esenciales en nuestro sitio web. Estas funcionalidades incluyen incrustar contenido como videos o compartir contenido del sitio web en plataformas de redes sociales.<\/li><li><strong>Preferences:<\/strong> Estas cookies nos ayudan a almacenar su configuraci\u00f3n y preferencias de navegaci\u00f3n, como las preferencias de idioma, para que tenga una experiencia mejor y m\u00e1s eficiente en futuras visitas al sitio web.<\/li><\/ul>\t\t\t\t\t\t\t\t<\/div>\n\t\t\t\t<\/div>\n\t\t\t\t<\/div>\n\t\t<div class=\"elementor-element elementor-element-87d8f59 e-con-full e-flex e-con e-child\" data-id=\"87d8f59\" data-element_type=\"container\" data-e-type=\"container\">\n\t\t\t\t<div class=\"elementor-element elementor-element-d4c9f84 elementor-widget__width-initial elementor-widget elementor-widget-text-editor\" data-id=\"d4c9f84\" data-element_type=\"widget\" data-e-type=\"widget\" data-widget_type=\"text-editor.default\">\n\t\t\t\t<div class=\"elementor-widget-container\">\n\t\t\t\t\t\t\t\t\t<table class=\"cookielawinfo-row-cat-table cookielawinfo-classic\"><thead><tr><th class=\"cookielawinfo-column-1\">Cookie<\/th><th class=\"cookielawinfo-column-4\">Descripci\u00f3n<\/th><\/tr><\/thead><tbody><tr class=\"cookielawinfo-row\"><td class=\"cookielawinfo-column-1\">cookielawinfo-checkbox-analytics<\/td><td class=\"cookielawinfo-column-4\">This cookie is set by GDPR Cookie Consent plugin. The cookie is used to store the user consent for the cookies in the category \u00abAnalytics\u00bb.<\/td><\/tr><tr class=\"cookielawinfo-row\"><td class=\"cookielawinfo-column-1\">cookielawinfo-checkbox-functional<\/td><td class=\"cookielawinfo-column-4\">The cookie is set by GDPR cookie consent to record the user consent for the cookies in the category \u00abFunctional\u00bb.<\/td><\/tr><tr class=\"cookielawinfo-row\"><td class=\"cookielawinfo-column-1\">cookielawinfo-checkbox-necessary<\/td><td class=\"cookielawinfo-column-4\">This cookie is set by GDPR Cookie Consent plugin. The cookies is used to store the user consent for the cookies in the category \u00abNecessary\u00bb.<\/td><\/tr><tr class=\"cookielawinfo-row\"><td class=\"cookielawinfo-column-1\">cookielawinfo-checkbox-others<\/td><td class=\"cookielawinfo-column-4\">This cookie is set by GDPR Cookie Consent plugin. The cookie is used to store the user consent for the cookies in the category \u00abOther.<\/td><\/tr><tr class=\"cookielawinfo-row\"><td class=\"cookielawinfo-column-1\">cookielawinfo-checkbox-performance<\/td><td class=\"cookielawinfo-column-4\">This cookie is set by GDPR Cookie Consent plugin. The cookie is used to store the user consent for the cookies in the category \u00abPerformance\u00bb.<\/td><\/tr><tr class=\"cookielawinfo-row\"><td class=\"cookielawinfo-column-1\">viewed_cookie_policy<\/td><td class=\"cookielawinfo-column-4\">The cookie is set by the GDPR Cookie Consent plugin and is used to store whether or not user has consented to the use of cookies. It does not store any personal data.<\/td><\/tr><\/tbody><\/table>\t\t\t\t\t\t\t\t<\/div>\n\t\t\t\t<\/div>\n\t\t\t\t<\/div>\n\t\t<div class=\"elementor-element elementor-element-700aaba e-con-full e-flex e-con e-child\" data-id=\"700aaba\" data-element_type=\"container\" data-e-type=\"container\">\n\t\t\t\t<div class=\"elementor-element elementor-element-592707f elementor-widget elementor-widget-heading\" data-id=\"592707f\" data-element_type=\"widget\" data-e-type=\"widget\" data-widget_type=\"heading.default\">\n\t\t\t\t<div class=\"elementor-widget-container\">\n\t\t\t\t\t<h2 class=\"elementor-heading-title elementor-size-default\">\u00bfC\u00f3mo puedo controlar las preferencias de las cookies?<\/h2>\t\t\t\t<\/div>\n\t\t\t\t<\/div>\n\t\t\t\t<div class=\"elementor-element elementor-element-de0d09e elementor-widget__width-initial elementor-widget elementor-widget-text-editor\" data-id=\"de0d09e\" data-element_type=\"widget\" data-e-type=\"widget\" data-widget_type=\"text-editor.default\">\n\t\t\t\t<div class=\"elementor-widget-container\">\n\t\t\t\t\t\t\t\t\tSi decide cambiar sus preferencias m\u00e1s adelante a trav\u00e9s de su sesi\u00f3n de navegaci\u00f3n, puede hacer clic en la pesta\u00f1a \u201cPol\u00edtica de privacidad y cookies\u201d en su pantalla. Esto mostrar\u00e1 el aviso de consentimiento nuevamente, lo que le permitir\u00e1 cambiar sus preferencias o retirar su consentimiento por completo.\n\nAdem\u00e1s de esto, los diferentes navegadores proporcionan diferentes m\u00e9todos para bloquear y eliminar las cookies utilizadas por los sitios web. Puede cambiar la configuraci\u00f3n de su navegador para bloquear \/ eliminar las cookies. Para obtener m\u00e1s informaci\u00f3n sobre c\u00f3mo administrar y eliminar las cookies, visite wikipedia.org, www.allaboutcookies.org.\t\t\t\t\t\t\t\t<\/div>\n\t\t\t\t<\/div>\n\t\t\t\t<\/div>\n\t\t\t\t<\/div>\n\t\t\t\t<\/div>\n\t\t\t\t<\/div>\n\t\t","protected":false},"excerpt":{"rendered":"<p>Pol\u00edtica de Cookies Acerca de esta pol\u00edtica de cookies Esta Pol\u00edtica de cookies explica qu\u00e9 son las cookies y c\u00f3mo las usamos, los tipos de cookies que usamos, es decir, la informaci\u00f3n que recopilamos usando cookies y c\u00f3mo se usa esa informaci\u00f3n, y c\u00f3mo controlar las preferencias de cookies. Para obtener m\u00e1s informaci\u00f3n sobre c\u00f3mo [&hellip;]<\/p>\n","protected":false},"author":2,"featured_media":0,"parent":0,"menu_order":0,"comment_status":"closed","ping_status":"closed","template":"elementor_header_footer","meta":{"footnotes":""},"class_list":["post-14569","page","type-page","status-publish","hentry"],"yoast_head":"<!-- This site is optimized with the Yoast SEO plugin v27.3 - https:\/\/yoast.com\/product\/yoast-seo-wordpress\/ -->\n<title>Pol\u00edtica de Cookies - Spalace - Spa Granada Palace<\/title>\n<meta name=\"robots\" content=\"index, follow, max-snippet:-1, max-image-preview:large, max-video-preview:-1\" \/>\n<link rel=\"canonical\" href=\"https:\/\/spalace.es\/?page_id=14569\" \/>\n<meta property=\"og:locale\" content=\"es_ES\" \/>\n<meta property=\"og:type\" content=\"article\" \/>\n<meta property=\"og:title\" content=\"Pol\u00edtica de Cookies - Spalace - Spa Granada Palace\" \/>\n<meta property=\"og:description\" content=\"Pol\u00edtica de Cookies Acerca de esta pol\u00edtica de cookies Esta Pol\u00edtica de cookies explica qu\u00e9 son las cookies y c\u00f3mo las usamos, los tipos de cookies que usamos, es decir, la informaci\u00f3n que recopilamos usando cookies y c\u00f3mo se usa esa informaci\u00f3n, y c\u00f3mo controlar las preferencias de cookies. Para obtener m\u00e1s informaci\u00f3n sobre c\u00f3mo [&hellip;]\" \/>\n<meta property=\"og:url\" content=\"https:\/\/spalace.es\/?page_id=14569\" \/>\n<meta property=\"og:site_name\" content=\"Spalace - Spa Granada Palace\" \/>\n<meta property=\"article:publisher\" content=\"https:\/\/www.facebook.com\/spaHotelGranadaPalace\" \/>\n<meta property=\"article:modified_time\" content=\"2024-09-01T15:30:52+00:00\" \/>\n<meta name=\"twitter:card\" content=\"summary_large_image\" \/>\n<meta name=\"twitter:label1\" content=\"Tiempo de lectura\" \/>\n\t<meta name=\"twitter:data1\" content=\"4 minutos\" \/>\n<script type=\"application\/ld+json\" class=\"yoast-schema-graph\">{\"@context\":\"https:\\\/\\\/schema.org\",\"@graph\":[{\"@type\":\"WebPage\",\"@id\":\"https:\\\/\\\/spalace.es\\\/?page_id=14569\",\"url\":\"https:\\\/\\\/spalace.es\\\/?page_id=14569\",\"name\":\"Pol\u00edtica de Cookies - Spalace - Spa Granada Palace\",\"isPartOf\":{\"@id\":\"https:\\\/\\\/spalace.es\\\/#website\"},\"datePublished\":\"2021-11-03T20:39:51+00:00\",\"dateModified\":\"2024-09-01T15:30:52+00:00\",\"breadcrumb\":{\"@id\":\"https:\\\/\\\/spalace.es\\\/?page_id=14569#breadcrumb\"},\"inLanguage\":\"es\",\"potentialAction\":[{\"@type\":\"ReadAction\",\"target\":[\"https:\\\/\\\/spalace.es\\\/?page_id=14569\"]}]},{\"@type\":\"BreadcrumbList\",\"@id\":\"https:\\\/\\\/spalace.es\\\/?page_id=14569#breadcrumb\",\"itemListElement\":[{\"@type\":\"ListItem\",\"position\":1,\"name\":\"Home\",\"item\":\"https:\\\/\\\/spalace.es\\\/\"},{\"@type\":\"ListItem\",\"position\":2,\"name\":\"Pol\u00edtica de Cookies\"}]},{\"@type\":\"WebSite\",\"@id\":\"https:\\\/\\\/spalace.es\\\/#website\",\"url\":\"https:\\\/\\\/spalace.es\\\/\",\"name\":\"Spalace - Spa Granada Palace\",\"description\":\"Health Club &amp; Spa\",\"publisher\":{\"@id\":\"https:\\\/\\\/spalace.es\\\/#organization\"},\"potentialAction\":[{\"@type\":\"SearchAction\",\"target\":{\"@type\":\"EntryPoint\",\"urlTemplate\":\"https:\\\/\\\/spalace.es\\\/?s={search_term_string}\"},\"query-input\":{\"@type\":\"PropertyValueSpecification\",\"valueRequired\":true,\"valueName\":\"search_term_string\"}}],\"inLanguage\":\"es\"},{\"@type\":\"Organization\",\"@id\":\"https:\\\/\\\/spalace.es\\\/#organization\",\"name\":\"Spalace Spa Granada Palace\",\"url\":\"https:\\\/\\\/spalace.es\\\/\",\"logo\":{\"@type\":\"ImageObject\",\"inLanguage\":\"es\",\"@id\":\"https:\\\/\\\/spalace.es\\\/#\\\/schema\\\/logo\\\/image\\\/\",\"url\":\"https:\\\/\\\/spalace.es\\\/wp-content\\\/uploads\\\/2020\\\/12\\\/LOGO-SPALACE.png\",\"contentUrl\":\"https:\\\/\\\/spalace.es\\\/wp-content\\\/uploads\\\/2020\\\/12\\\/LOGO-SPALACE.png\",\"width\":885,\"height\":520,\"caption\":\"Spalace Spa Granada Palace\"},\"image\":{\"@id\":\"https:\\\/\\\/spalace.es\\\/#\\\/schema\\\/logo\\\/image\\\/\"},\"sameAs\":[\"https:\\\/\\\/www.facebook.com\\\/spaHotelGranadaPalace\",\"https:\\\/\\\/www.instagram.com\\\/granadapalace\\\/\"]}]}<\/script>\n<!-- \/ Yoast SEO plugin. -->","yoast_head_json":{"title":"Pol\u00edtica de Cookies - Spalace - Spa Granada Palace","robots":{"index":"index","follow":"follow","max-snippet":"max-snippet:-1","max-image-preview":"max-image-preview:large","max-video-preview":"max-video-preview:-1"},"canonical":"https:\/\/spalace.es\/?page_id=14569","og_locale":"es_ES","og_type":"article","og_title":"Pol\u00edtica de Cookies - Spalace - Spa Granada Palace","og_description":"Pol\u00edtica de Cookies Acerca de esta pol\u00edtica de cookies Esta Pol\u00edtica de cookies explica qu\u00e9 son las cookies y c\u00f3mo las usamos, los tipos de cookies que usamos, es decir, la informaci\u00f3n que recopilamos usando cookies y c\u00f3mo se usa esa informaci\u00f3n, y c\u00f3mo controlar las preferencias de cookies. Para obtener m\u00e1s informaci\u00f3n sobre c\u00f3mo [&hellip;]","og_url":"https:\/\/spalace.es\/?page_id=14569","og_site_name":"Spalace - Spa Granada Palace","article_publisher":"https:\/\/www.facebook.com\/spaHotelGranadaPalace","article_modified_time":"2024-09-01T15:30:52+00:00","twitter_card":"summary_large_image","twitter_misc":{"Tiempo de lectura":"4 minutos"},"schema":{"@context":"https:\/\/schema.org","@graph":[{"@type":"WebPage","@id":"https:\/\/spalace.es\/?page_id=14569","url":"https:\/\/spalace.es\/?page_id=14569","name":"Pol\u00edtica de Cookies - Spalace - Spa Granada Palace","isPartOf":{"@id":"https:\/\/spalace.es\/#website"},"datePublished":"2021-11-03T20:39:51+00:00","dateModified":"2024-09-01T15:30:52+00:00","breadcrumb":{"@id":"https:\/\/spalace.es\/?page_id=14569#breadcrumb"},"inLanguage":"es","potentialAction":[{"@type":"ReadAction","target":["https:\/\/spalace.es\/?page_id=14569"]}]},{"@type":"BreadcrumbList","@id":"https:\/\/spalace.es\/?page_id=14569#breadcrumb","itemListElement":[{"@type":"ListItem","position":1,"name":"Home","item":"https:\/\/spalace.es\/"},{"@type":"ListItem","position":2,"name":"Pol\u00edtica de Cookies"}]},{"@type":"WebSite","@id":"https:\/\/spalace.es\/#website","url":"https:\/\/spalace.es\/","name":"Spalace - Spa Granada Palace","description":"Health Club &amp; Spa","publisher":{"@id":"https:\/\/spalace.es\/#organization"},"potentialAction":[{"@type":"SearchAction","target":{"@type":"EntryPoint","urlTemplate":"https:\/\/spalace.es\/?s={search_term_string}"},"query-input":{"@type":"PropertyValueSpecification","valueRequired":true,"valueName":"search_term_string"}}],"inLanguage":"es"},{"@type":"Organization","@id":"https:\/\/spalace.es\/#organization","name":"Spalace Spa Granada Palace","url":"https:\/\/spalace.es\/","logo":{"@type":"ImageObject","inLanguage":"es","@id":"https:\/\/spalace.es\/#\/schema\/logo\/image\/","url":"https:\/\/spalace.es\/wp-content\/uploads\/2020\/12\/LOGO-SPALACE.png","contentUrl":"https:\/\/spalace.es\/wp-content\/uploads\/2020\/12\/LOGO-SPALACE.png","width":885,"height":520,"caption":"Spalace Spa Granada Palace"},"image":{"@id":"https:\/\/spalace.es\/#\/schema\/logo\/image\/"},"sameAs":["https:\/\/www.facebook.com\/spaHotelGranadaPalace","https:\/\/www.instagram.com\/granadapalace\/"]}]}},"_links":{"self":[{"href":"https:\/\/spalace.es\/index.php?rest_route=\/wp\/v2\/pages\/14569","targetHints":{"allow":["GET"]}}],"collection":[{"href":"https:\/\/spalace.es\/index.php?rest_route=\/wp\/v2\/pages"}],"about":[{"href":"https:\/\/spalace.es\/index.php?rest_route=\/wp\/v2\/types\/page"}],"author":[{"embeddable":true,"href":"https:\/\/spalace.es\/index.php?rest_route=\/wp\/v2\/users\/2"}],"replies":[{"embeddable":true,"href":"https:\/\/spalace.es\/index.php?rest_route=%2Fwp%2Fv2%2Fcomments&post=14569"}],"version-history":[{"count":14,"href":"https:\/\/spalace.es\/index.php?rest_route=\/wp\/v2\/pages\/14569\/revisions"}],"predecessor-version":[{"id":15068,"href":"https:\/\/spalace.es\/index.php?rest_route=\/wp\/v2\/pages\/14569\/revisions\/15068"}],"wp:attachment":[{"href":"https:\/\/spalace.es\/index.php?rest_route=%2Fwp%2Fv2%2Fmedia&parent=14569"}],"curies":[{"name":"wp","href":"https:\/\/api.w.org\/{rel}","templated":true}]}}